{"id":241,"date":"2017-08-12T10:35:06","date_gmt":"2017-08-12T10:35:06","guid":{"rendered":"http:\/\/autorin.littleweir.de\/?page_id=241"},"modified":"2020-11-21T17:15:20","modified_gmt":"2020-11-21T17:15:20","slug":"texte-fuer-die-ohren","status":"publish","type":"page","link":"http:\/\/autorin.littleweir.de\/?page_id=241","title":{"rendered":"Auf die Ohren"},"content":{"rendered":"<h4>&#8222;Das kleine M\u00e4dchen, der Tod und die B\u00fccher&#8220;<\/h4>\n<p>2018 wurde der konkunkursbuch Verlag Claudia Gehrke 40 Jahre alt. Zu diesem Anlass erschien das Konkursbuch 55 &#8222;\u00dcber B\u00fccher&#8220;. Darin ist meine Geschichte &#8222;Das kleine M\u00e4dchen, der Tod und die B\u00fccher&#8220; enthalten, die es hier in voller L\u00e4nge zu h\u00f6ren gibt.<\/p>\n<!--[if lt IE 9]><script>document.createElement('audio');<\/script><![endif]-->\n<audio class=\"wp-audio-shortcode\" id=\"audio-241-1\" preload=\"none\" style=\"width: 100%;\" controls=\"controls\"><source type=\"audio\/mpeg\" src=\"http:\/\/autorin.littleweir.de\/wp-content\/uploads\/2020\/11\/der_tod.mp3?_=1\" \/><a href=\"http:\/\/autorin.littleweir.de\/wp-content\/uploads\/2020\/11\/der_tod.mp3\">http:\/\/autorin.littleweir.de\/wp-content\/uploads\/2020\/11\/der_tod.mp3<\/a><\/audio>\n<h4>H\u00f6rproben aus &#8222;Mersand&#8220;<\/h4>\n<p style=\"text-align: left;\"><span style=\"font-family: Arial,Helvetica;\">Jojo schl\u00e4gt sich mit Dienstleistungen aller Art mehr schlecht als recht durchs Leben, da kommt ein lukrativer Auftrag gerade recht. Ein Koffer muss transportiert werden. \u201eJedes Detail ist wichtig. Wenn irgendetwas schiefgeht, k\u00f6nnte es sein, dass Sie nicht mehr zur\u00fcckkommen. Nie mehr, Sie verstehen?\u201c, sagt der Auftraggeber. Doch im Nachtzug geht etwas schief. Am anderen Morgen ist Jojos Geliebte tot und Jojo entkommt mit einem Koffer voll Geld. <\/span><\/p>\n<p style=\"text-align: left;\">Diese erste H\u00f6rprobe erz\u00e4hlt, was kurz danach passiert.<\/p>\n<p style=\"text-align: left;\"><strong><span style=\"color: #333399;\">Tote Augen und ein Koffer voll Geld.<\/span><\/strong><\/p>\n<audio class=\"wp-audio-shortcode\" id=\"audio-241-2\" preload=\"none\" style=\"width: 100%;\" controls=\"controls\"><source type=\"audio\/mpeg\" src=\"http:\/\/autorin.littleweir.de\/wp-content\/uploads\/2017\/08\/1-Mersand-Hoerprobe.mp3?_=2\" \/><a href=\"http:\/\/autorin.littleweir.de\/wp-content\/uploads\/2017\/08\/1-Mersand-Hoerprobe.mp3\">http:\/\/autorin.littleweir.de\/wp-content\/uploads\/2017\/08\/1-Mersand-Hoerprobe.mp3<\/a><\/audio>\n","protected":false},"excerpt":{"rendered":"<p>&#8222;Das kleine M\u00e4dchen, der Tod und die B\u00fccher&#8220; 2018 wurde der konkunkursbuch Verlag Claudia Gehrke 40 Jahre alt. Zu diesem Anlass erschien das Konkursbuch 55 &#8222;\u00dcber B\u00fccher&#8220;. Darin ist meine Geschichte &#8222;Das kleine M\u00e4dchen, der Tod und die B\u00fccher&#8220; enthalten, die es hier in voller L\u00e4nge zu h\u00f6ren gibt. H\u00f6rproben &hellip;<\/p>\n","protected":false},"author":1,"featured_media":0,"parent":0,"menu_order":0,"comment_status":"closed","ping_status":"closed","template":"","meta":[],"_links":{"self":[{"href":"http:\/\/autorin.littleweir.de\/index.php?rest_route=\/wp\/v2\/pages\/241"}],"collection":[{"href":"http:\/\/autorin.littleweir.de\/index.php?rest_route=\/wp\/v2\/pages"}],"about":[{"href":"http:\/\/autorin.littleweir.de\/index.php?rest_route=\/wp\/v2\/types\/page"}],"author":[{"embeddable":true,"href":"http:\/\/autorin.littleweir.de\/index.php?rest_route=\/wp\/v2\/users\/1"}],"replies":[{"embeddable":true,"href":"http:\/\/autorin.littleweir.de\/index.php?rest_route=%2Fwp%2Fv2%2Fcomments&post=241"}],"version-history":[{"count":9,"href":"http:\/\/autorin.littleweir.de\/index.php?rest_route=\/wp\/v2\/pages\/241\/revisions"}],"predecessor-version":[{"id":354,"href":"http:\/\/autorin.littleweir.de\/index.php?rest_route=\/wp\/v2\/pages\/241\/revisions\/354"}],"wp:attachment":[{"href":"http:\/\/autorin.littleweir.de\/index.php?rest_route=%2Fwp%2Fv2%2Fmedia&parent=241"}],"curies":[{"name":"wp","href":"https:\/\/api.w.org\/{rel}","templated":true}]}}