{"id":50,"date":"2017-02-12T18:20:10","date_gmt":"2017-02-12T18:20:10","guid":{"rendered":"http:\/\/autorin.littleweir.de\/?page_id=50"},"modified":"2017-03-06T19:46:27","modified_gmt":"2017-03-06T19:46:27","slug":"migraene","status":"publish","type":"page","link":"http:\/\/autorin.littleweir.de\/?page_id=50","title":{"rendered":"Migr\u00e4ne"},"content":{"rendered":"<p><img decoding=\"async\" loading=\"lazy\" class=\"size-medium wp-image-106 aligncenter\" src=\"http:\/\/autorin.littleweir.de\/wp-content\/uploads\/2017\/02\/migr\u00e4ne-205x300.jpg\" alt=\"\" width=\"205\" height=\"300\" srcset=\"http:\/\/autorin.littleweir.de\/wp-content\/uploads\/2017\/02\/migr\u00e4ne-205x300.jpg 205w, http:\/\/autorin.littleweir.de\/wp-content\/uploads\/2017\/02\/migr\u00e4ne.jpg 363w\" sizes=\"(max-width: 205px) 100vw, 205px\" \/><\/p>\n<p style=\"text-align: center;\"><em>512 S., Klappenbr., Fadenheftung, 12,90, ISBN 978-3-88769-731-0<br \/>\n<span style=\"font-family: Arial,Helvetica;\"><span style=\"font-family: 'Arial','sans-serif';\">erh\u00e4ltlich bei <a href=\"http:\/\/www.konkursbuch.com\" target=\"_blank\">www.konkursbuch.com<\/a> oder im Buchhandel<\/span><\/span><br \/>\nauch als ebook erh\u00e4ltlich<\/em><\/p>\n<p>&nbsp;<\/p>\n<p><span style=\"font-family: Arial,Helvetica;\">Sommer in Berlin. Dr\u00fcckende Hitze. Toni wohnt in einem Mietshaus am Prenzlauer Berg, schreibt und verkauft B\u00fccher \u00fcber das Internet. Joshua ist Psychotherapeut und hat in diesem Haus seine Praxis. Beide leiden an Migr\u00e4ne. Laute Musik im Hinterhof, aufdringlicher Geruch nach R\u00e4ucherst\u00e4bchen aus einer der Wohnungen bel\u00e4stigen sie. Sie kennen sich kaum, begegnen sich nur manchmal im Treppenhaus. Doch dann werden beide von einer Nachbarin in ein unheilvolles Spiel verwickelt. Es geschieht ein Mord im Haus. Hauptkommissarin Monika Haberstroh ermittelt und befragt die Mieter. Bald aber kann sie Privates nicht mehr von der Arbeit trennen. Sie verliebt sich in Toni \u2026 Zu was ist Joshua f\u00e4hig? Zu was Toni? Hochspannend.<\/span><\/p>\n<p><span style=\"font-family: 'Arial','sans-serif';\">&#8222;Wer sich in Polizistinnen verliebt ist selber schuld &#8230; In einem d\u00fcsteren Mietshaus in Berlin, mitten in einer hochsommerlichen Hitzewelle, geschehen Morde, verschwinden Menschen und ereignen sich vermutlich Vergewaltigungen &#8230; Was die einsame Toni mit ihrem skurrilen Nachbarn, dem Psychotherapeuten Joshua verbindet, sind heftige Migr\u00e4ne und bizarre Wahnvorstellungen &#8230; Litt Leweir ist es gelungen, die unheimliche Atmosph\u00e4re des Mietshauses g\u00e4nsehautgerecht zu vermitteln, und mit den Zutaten von ein bisschen Tatort, ein bisschen Liebesschnulze und viel Fantasie zu einem verst\u00f6renden Krimi zu kombinieren.&#8220;<br \/>\n(Manuela Kay, L-Mag, <em>Jan<\/em><i>\/Feb 2010)<\/i><\/span><\/p>\n<p><strong><span style=\"color: #993366;\"><a style=\"color: #993366;\" href=\"http:\/\/autorin.littleweir.de\/?page_id=158\"><span style=\"font-family: 'Arial','sans-serif';\">Die Entstehungsgeschichte von &#8222;Migr\u00e4ne&#8220;<\/span><\/a><\/span><\/strong><\/p>\n<p><span style=\"font-family: 'Arial','sans-serif';\">Text- und H\u00f6rproben folgen.<\/span><\/p>\n<p>&nbsp;<\/p>\n","protected":false},"excerpt":{"rendered":"<p>512 S., Klappenbr., Fadenheftung, 12,90, ISBN 978-3-88769-731-0 erh\u00e4ltlich bei www.konkursbuch.com oder im Buchhandel auch als ebook erh\u00e4ltlich &nbsp; Sommer in Berlin. Dr\u00fcckende Hitze. Toni wohnt in einem Mietshaus am Prenzlauer Berg, schreibt und verkauft B\u00fccher \u00fcber das Internet. Joshua ist Psychotherapeut und hat in diesem Haus seine Praxis. Beide leiden &hellip;<\/p>\n","protected":false},"author":1,"featured_media":0,"parent":0,"menu_order":0,"comment_status":"closed","ping_status":"closed","template":"","meta":[],"_links":{"self":[{"href":"http:\/\/autorin.littleweir.de\/index.php?rest_route=\/wp\/v2\/pages\/50"}],"collection":[{"href":"http:\/\/autorin.littleweir.de\/index.php?rest_route=\/wp\/v2\/pages"}],"about":[{"href":"http:\/\/autorin.littleweir.de\/index.php?rest_route=\/wp\/v2\/types\/page"}],"author":[{"embeddable":true,"href":"http:\/\/autorin.littleweir.de\/index.php?rest_route=\/wp\/v2\/users\/1"}],"replies":[{"embeddable":true,"href":"http:\/\/autorin.littleweir.de\/index.php?rest_route=%2Fwp%2Fv2%2Fcomments&post=50"}],"version-history":[{"count":10,"href":"http:\/\/autorin.littleweir.de\/index.php?rest_route=\/wp\/v2\/pages\/50\/revisions"}],"predecessor-version":[{"id":215,"href":"http:\/\/autorin.littleweir.de\/index.php?rest_route=\/wp\/v2\/pages\/50\/revisions\/215"}],"wp:attachment":[{"href":"http:\/\/autorin.littleweir.de\/index.php?rest_route=%2Fwp%2Fv2%2Fmedia&parent=50"}],"curies":[{"name":"wp","href":"https:\/\/api.w.org\/{rel}","templated":true}]}}